{"id":1364,"date":"2023-09-26T09:50:10","date_gmt":"2023-09-26T06:50:10","guid":{"rendered":"https:\/\/www.ddk.bg\/?page_id=1364"},"modified":"2023-11-03T17:04:36","modified_gmt":"2023-11-03T15:04:36","slug":"leistungen","status":"publish","type":"page","link":"https:\/\/www.ddk.bg\/de\/leistungen\/","title":{"rendered":"Leistungen"},"content":{"rendered":"<p><div class=\"fusion-fullwidth fullwidth-box fusion-builder-row-1 fusion-flex-container has-pattern-background has-mask-background hundred-percent-fullwidth non-hundred-percent-height-scrolling\" style=\"--awb-border-radius-top-left:0px;--awb-border-radius-top-right:0px;--awb-border-radius-bottom-right:0px;--awb-border-radius-bottom-left:0px;--awb-padding-top:6vh;--awb-padding-bottom:6vh;--awb-min-height:500px;--awb-background-color:var(--awb-color1);--awb-background-image:linear-gradient(270deg, rgba(241,241,241,0.6) 0%,rgba(241,241,241,0.2) 100%);--awb-flex-wrap:wrap;\" ><div class=\"awb-background-pattern\" style=\"background-image:  url(data:image\/svg+xml;utf8,%3Csvg%20width%3D%2260%22%20height%3D%2260%22%20fill%3D%22none%22%20xmlns%3D%22http%3A%2F%2Fwww.w3.org%2F2000%2Fsvg%22%3E%3Cpath%20d%3D%22M6%204a2%202%200%2011-4%200%202%202%200%20014%200%22%20fill%3D%22rgba%28255%2C255%2C255%2C1%29%22%2F%3E%3C%2Fsvg%3E);opacity: 0.12 ;mix-blend-mode:normal;\"><\/div><div class=\"fusion-builder-row fusion-row fusion-flex-align-items-center fusion-flex-content-wrap\" style=\"width:104% !important;max-width:104% !important;margin-left: calc(-4% \/ 2 );margin-right: calc(-4% \/ 2 );\"><div class=\"fusion-layout-column fusion_builder_column fusion-builder-column-0 fusion-flex-column\" style=\"--awb-bg-size:cover;--awb-width-large:65%;--awb-margin-top-large:0px;--awb-spacing-right-large:2.9538461538462%;--awb-margin-bottom-large:0px;--awb-spacing-left-large:2.9538461538462%;--awb-width-medium:100%;--awb-order-medium:0;--awb-spacing-right-medium:1.92%;--awb-spacing-left-medium:1.92%;--awb-width-small:100%;--awb-order-small:0;--awb-spacing-right-small:1.92%;--awb-spacing-left-small:1.92%;\" data-scroll-devices=\"small-visibility,medium-visibility,large-visibility\"><div class=\"fusion-column-wrapper fusion-column-has-shadow fusion-flex-justify-content-flex-start fusion-content-layout-column\"><div class=\"fusion-text fusion-text-1 fusion-text-no-margin\" style=\"--awb-content-alignment:left;--awb-font-size:var(--awb-typography4-font-size);--awb-line-height:var(--awb-typography4-line-height);--awb-letter-spacing:var(--awb-typography4-letter-spacing);--awb-text-transform:var(--awb-typography4-text-transform);--awb-text-color:var(--awb-color5);--awb-margin-bottom:0px;--awb-text-font-family:var(--awb-typography4-font-family);--awb-text-font-weight:var(--awb-typography4-font-weight);--awb-text-font-style:var(--awb-typography4-font-style);\"><p>Keine Kompromisse in der Behandlung<\/p>\n<\/div><div class=\"fusion-title title fusion-title-1 fusion-sep-none fusion-title-text fusion-title-size-one\" style=\"--awb-text-color:var(--awb-color8);--awb-margin-bottom:30px;--awb-margin-top-small:0px;--awb-margin-right-small:0px;--awb-margin-bottom-small:20px;--awb-margin-left-small:0px;\"><h1 class=\"fusion-title-heading title-heading-left fusion-responsive-typography-calculated\" style=\"margin:0;--fontSize:40;line-height:1.6;\">UNSERE ZAHNMEDIZINISCHEN DIENSTLEISTUNGEN<\/h1><\/div><div class=\"fusion-text fusion-text-2 fusion-text-no-margin\" style=\"--awb-font-size:var(--awb-typography2-font-size);--awb-line-height:1.5;--awb-letter-spacing:var(--awb-typography2-letter-spacing);--awb-text-transform:var(--awb-typography2-text-transform);--awb-text-color:hsla(var(--awb-color8-h),var(--awb-color8-s),var(--awb-color8-l),calc(var(--awb-color8-a) - 20%));--awb-margin-bottom:30px;\"><p>Profitieren Sie von den vielen Vorteilen, die :DDK Deutsche Dental Klinik Sofia bietet.<br \/>\nUnser hoch qualifiziertes Team hat profunde Erfahrungen in der Behandlung mit Zahnimplantaten. Unser hauseigenes zahntechnische Labor ist voll digital ausgestattet und stellt den idealen Ersatz f\u00fcr Ihre Z\u00e4hne her, so dass diese wie Ihre nat\u00fcrlichen Z\u00e4hne aussehen und funktionieren.<\/p>\n<\/div><\/div><\/div><\/div><\/div><div class=\"fusion-fullwidth fullwidth-box fusion-builder-row-2 fusion-flex-container has-pattern-background has-mask-background hundred-percent-fullwidth non-hundred-percent-height-scrolling\" style=\"--awb-border-radius-top-left:0px;--awb-border-radius-top-right:0px;--awb-border-radius-bottom-right:0px;--awb-border-radius-bottom-left:0px;--awb-padding-top:12vh;--awb-padding-bottom:12vh;--awb-background-color:var(--awb-color1);--awb-flex-wrap:wrap;\" ><div class=\"fusion-builder-row fusion-row fusion-flex-align-items-stretch fusion-flex-content-wrap\" style=\"width:104% !important;max-width:104% !important;margin-left: calc(-4% \/ 2 );margin-right: calc(-4% \/ 2 );\"><div class=\"fusion-layout-column fusion_builder_column fusion-builder-column-1 fusion_builder_column_1_3 1_3 fusion-flex-column\" style=\"--awb-padding-top:65px;--awb-padding-right:50px;--awb-padding-bottom:65px;--awb-padding-left:50px;--awb-bg-color:hsla(var(--awb-color4-h),var(--awb-color4-s),calc(var(--awb-color4-l) + 42%),var(--awb-color4-a));--awb-bg-color-hover:var(--awb-color1);--awb-bg-size:cover;--awb-border-color:var(--awb-color1);--awb-border-color-hover:var(--awb-color5);--awb-border-top:1px;--awb-border-right:1px;--awb-border-bottom:1px;--awb-border-left:1px;--awb-border-style:solid;--awb-width-large:33.333333333333%;--awb-margin-top-large:0px;--awb-spacing-right-large:5.76%;--awb-margin-bottom-large:50px;--awb-spacing-left-large:5.76%;--awb-width-medium:50%;--awb-order-medium:0;--awb-spacing-right-medium:3.84%;--awb-spacing-left-medium:3.84%;--awb-width-small:100%;--awb-order-small:0;--awb-spacing-right-small:1.92%;--awb-spacing-left-small:1.92%;\"><div class=\"fusion-column-wrapper fusion-column-has-shadow fusion-flex-justify-content-flex-start fusion-content-layout-column\"><div class=\"fusion-title title fusion-title-2 fusion-sep-none fusion-title-text fusion-title-size-three\" style=\"--awb-text-color:var(--awb-color8);--awb-margin-top-small:0px;--awb-margin-right-small:0px;--awb-margin-bottom-small:20px;--awb-margin-left-small:0px;--awb-font-size:24px;\"><h3 class=\"fusion-title-heading title-heading-left fusion-responsive-typography-calculated\" style=\"margin:0;font-size:1em;--fontSize:24;line-height:1.6;\">Zahnimplantate<\/h3><\/div><div class=\"fusion-text fusion-text-3 fusion-text-no-margin\" style=\"--awb-font-size:var(--awb-typography4-font-size);--awb-line-height:var(--awb-typography4-line-height);--awb-letter-spacing:var(--awb-typography4-letter-spacing);--awb-text-transform:var(--awb-typography4-text-transform);--awb-text-color:var(--awb-color8);--awb-margin-bottom:0px;--awb-text-font-family:var(--awb-typography4-font-family);--awb-text-font-weight:var(--awb-typography4-font-weight);--awb-text-font-style:var(--awb-typography4-font-style);\"><p>Unsere Spezialisten verf\u00fcgen \u00fcber akademisches Wissen und langj\u00e4hrige Erfahrung auf dem Gebiet der Implantologie, die sowohl bei der L\u00f6sung zahlreicher klinischer F\u00e4lle als auch im Rahmen klinischer Forschungsarbeiten gesammelt wurden. Diese F\u00e4higkeiten setzen wir f\u00fcr Ihr nat\u00fcrliches und sch\u00f6nes L\u00e4cheln ein.<\/p>\n<\/div><\/div><\/div><div class=\"fusion-layout-column fusion_builder_column fusion-builder-column-2 fusion_builder_column_1_3 1_3 fusion-flex-column\" style=\"--awb-padding-top:65px;--awb-padding-right:50px;--awb-padding-bottom:65px;--awb-padding-left:50px;--awb-bg-color:hsla(var(--awb-color4-h),var(--awb-color4-s),calc(var(--awb-color4-l) + 42%),var(--awb-color4-a));--awb-bg-color-hover:var(--awb-color1);--awb-bg-size:cover;--awb-border-color:var(--awb-color1);--awb-border-color-hover:var(--awb-color5);--awb-border-top:1px;--awb-border-right:1px;--awb-border-bottom:1px;--awb-border-left:1px;--awb-border-style:solid;--awb-width-large:33.333333333333%;--awb-margin-top-large:0px;--awb-spacing-right-large:5.76%;--awb-margin-bottom-large:50px;--awb-spacing-left-large:5.76%;--awb-width-medium:50%;--awb-order-medium:0;--awb-spacing-right-medium:3.84%;--awb-spacing-left-medium:3.84%;--awb-width-small:100%;--awb-order-small:0;--awb-spacing-right-small:1.92%;--awb-spacing-left-small:1.92%;\"><div class=\"fusion-column-wrapper fusion-column-has-shadow fusion-flex-justify-content-flex-start fusion-content-layout-column\"><div class=\"fusion-title title fusion-title-3 fusion-sep-none fusion-title-text fusion-title-size-three\" style=\"--awb-text-color:var(--awb-color8);--awb-margin-top-small:0px;--awb-margin-right-small:0px;--awb-margin-bottom-small:20px;--awb-margin-left-small:0px;--awb-font-size:24px;\"><h3 class=\"fusion-title-heading title-heading-left fusion-responsive-typography-calculated\" style=\"margin:0;font-size:1em;--fontSize:24;line-height:1.6;\">Feste Z\u00e4hne an einem Tag<\/h3><\/div><div class=\"fusion-text fusion-text-4 fusion-text-no-margin\" style=\"--awb-font-size:var(--awb-typography4-font-size);--awb-line-height:var(--awb-typography4-line-height);--awb-letter-spacing:var(--awb-typography4-letter-spacing);--awb-text-transform:var(--awb-typography4-text-transform);--awb-text-color:var(--awb-color8);--awb-margin-bottom:0px;--awb-text-font-family:var(--awb-typography4-font-family);--awb-text-font-weight:var(--awb-typography4-font-weight);--awb-text-font-style:var(--awb-typography4-font-style);\"><p>Festsitzende Z\u00e4hne, auch \u201eFeste Z\u00e4hne am Tag\u201c genannt, sind eine ideale L\u00f6sung f\u00fcr Patienten, die eine Alternative zu herausnehmbarem Zahnersatz zu einem attraktiven Preis suchen. Die komplette Behandlung wird meist innerhalb eines Tages durchgef\u00fchrt, einschlie\u00dflich der Zahnextraktion (falls erforderlich), das Setzen der Implantate und der Befestigung der Br\u00fccken.<\/p>\n<\/div><\/div><\/div><div class=\"fusion-layout-column fusion_builder_column fusion-builder-column-3 fusion_builder_column_1_3 1_3 fusion-flex-column\" style=\"--awb-padding-top:65px;--awb-padding-right:50px;--awb-padding-bottom:65px;--awb-padding-left:50px;--awb-bg-color:hsla(var(--awb-color4-h),var(--awb-color4-s),calc(var(--awb-color4-l) + 42%),var(--awb-color4-a));--awb-bg-color-hover:var(--awb-color1);--awb-bg-size:cover;--awb-border-color:var(--awb-color1);--awb-border-color-hover:var(--awb-color5);--awb-border-top:1px;--awb-border-right:1px;--awb-border-bottom:1px;--awb-border-left:1px;--awb-border-style:solid;--awb-width-large:33.333333333333%;--awb-margin-top-large:0px;--awb-spacing-right-large:5.76%;--awb-margin-bottom-large:50px;--awb-spacing-left-large:5.76%;--awb-width-medium:50%;--awb-order-medium:0;--awb-spacing-right-medium:3.84%;--awb-spacing-left-medium:3.84%;--awb-width-small:100%;--awb-order-small:0;--awb-spacing-right-small:1.92%;--awb-spacing-left-small:1.92%;\"><div class=\"fusion-column-wrapper fusion-column-has-shadow fusion-flex-justify-content-flex-start fusion-content-layout-column\"><div class=\"fusion-title title fusion-title-4 fusion-sep-none fusion-title-text fusion-title-size-three\" style=\"--awb-text-color:var(--awb-color8);--awb-margin-top-small:0px;--awb-margin-right-small:0px;--awb-margin-bottom-small:20px;--awb-margin-left-small:0px;--awb-font-size:24px;\"><h3 class=\"fusion-title-heading title-heading-left fusion-responsive-typography-calculated\" style=\"margin:0;font-size:1em;--fontSize:24;line-height:1.6;\">Zahnersatz aus Zirkonoxid-Keramik<\/h3><\/div><div class=\"fusion-text fusion-text-5 fusion-text-no-margin\" style=\"--awb-font-size:var(--awb-typography4-font-size);--awb-line-height:var(--awb-typography4-line-height);--awb-letter-spacing:var(--awb-typography4-letter-spacing);--awb-text-transform:var(--awb-typography4-text-transform);--awb-text-color:var(--awb-color8);--awb-margin-bottom:0px;--awb-text-font-family:var(--awb-typography4-font-family);--awb-text-font-weight:var(--awb-typography4-font-weight);--awb-text-font-style:var(--awb-typography4-font-style);\"><p>Zirkonoxid-Keramiken sind eine \u00e4sthetischste und biologisch vertr\u00e4gliche L\u00f6sung. Br\u00fccken aus Zirkonoxid sind au\u00dferdem au\u00dfergew\u00f6hnlich stark und stabil. Sie haben eine transluzente Optik, das Ihren neuen Z\u00e4hnen ein nat\u00fcrlicheres Aussehen verleiht. Zirkonoxid bricht nicht, verf\u00e4rbt sich nicht und ist besonders langlebig. Sie reinigen und pflegen ihn wie Ihre eigenen nat\u00fcrlichen Z\u00e4hne.<\/p>\n<\/div><\/div><\/div><\/div><\/div><\/p>\n","protected":false},"excerpt":{"rendered":"","protected":false},"author":1,"featured_media":0,"parent":0,"menu_order":0,"comment_status":"closed","ping_status":"closed","template":"100-width.php","meta":{"footnotes":""},"class_list":["post-1364","page","type-page","status-publish","hentry"],"yoast_head":"<!-- This site is optimized with the Yoast SEO plugin v27.6 - https:\/\/yoast.com\/product\/yoast-seo-wordpress\/ -->\n<title>\u041d\u0435\u043c\u0441\u043a\u0430 \u0414\u0435\u043d\u0442\u0430\u043b\u043d\u0430 \u041a\u043b\u0438\u043d\u0438\u043a\u0430<\/title>\n<meta name=\"description\" content=\"\u041d\u0438\u0435 \u0441\u043c\u0435 \u0441\u0442\u043e\u043c\u0430\u0442\u043e\u043b\u043e\u0437\u0438, \u043f\u0440\u0438\u0434\u043e\u0431\u0438\u043b\u0438 \u043a\u0432\u0430\u043b\u0438\u0444\u0438\u043a\u0430\u0446\u0438\u044f\u0442\u0430 \u0441\u0438 \u0432 \u0440\u0435\u043d\u043e\u043c\u0438\u0440\u0430\u043d\u0438 \u0443\u043d\u0438\u0432\u0435\u0440\u0441\u0438\u0442\u0435\u0442\u0438 \u0432 \u0413\u0435\u0440\u043c\u0430\u043d\u0438\u044f. \u0417\u0430\u043f\u0430\u0437\u0435\u0442\u0435 \u0412\u0430\u0448\u0438\u044f \u0447\u0430\u0441 \u043d\u0430 \u0442\u0435\u043b\u0435\u0444\u043e\u043d: +359 899 077 916\" \/>\n<meta name=\"robots\" content=\"index, follow, max-snippet:-1, max-image-preview:large, max-video-preview:-1\" \/>\n<link rel=\"canonical\" href=\"https:\/\/www.ddk.bg\/de\/leistungen\/\" \/>\n<meta property=\"og:locale\" content=\"de_DE\" \/>\n<meta property=\"og:type\" content=\"article\" \/>\n<meta property=\"og:title\" content=\"Deutsche Dental Klinik Sofia\" \/>\n<meta property=\"og:description\" content=\"\u041d\u0438\u0435 \u0441\u043c\u0435 \u0441\u0442\u043e\u043c\u0430\u0442\u043e\u043b\u043e\u0437\u0438, \u043f\u0440\u0438\u0434\u043e\u0431\u0438\u043b\u0438 \u043a\u0432\u0430\u043b\u0438\u0444\u0438\u043a\u0430\u0446\u0438\u044f\u0442\u0430 \u0441\u0438 \u0432 \u0440\u0435\u043d\u043e\u043c\u0438\u0440\u0430\u043d\u0438 \u0443\u043d\u0438\u0432\u0435\u0440\u0441\u0438\u0442\u0435\u0442\u0438 \u0432 \u0413\u0435\u0440\u043c\u0430\u043d\u0438\u044f. \u0417\u0430\u043f\u0430\u0437\u0435\u0442\u0435 \u0412\u0430\u0448\u0438\u044f \u0447\u0430\u0441 \u043d\u0430 \u0442\u0435\u043b\u0435\u0444\u043e\u043d: +359 899 077 916\" \/>\n<meta property=\"og:url\" content=\"https:\/\/www.ddk.bg\/de\/leistungen\/\" \/>\n<meta property=\"og:site_name\" content=\"Deutsche Dental Klinik Sofia\" \/>\n<meta property=\"article:modified_time\" content=\"2023-11-03T15:04:36+00:00\" \/>\n<meta property=\"og:image\" content=\"https:\/\/www.ddk.bg\/wp\/wp-content\/uploads\/2022\/05\/DDK-logo-share.png\" \/>\n\t<meta property=\"og:image:width\" content=\"500\" \/>\n\t<meta property=\"og:image:height\" content=\"500\" \/>\n\t<meta property=\"og:image:type\" content=\"image\/png\" \/>\n<meta name=\"twitter:card\" content=\"summary_large_image\" \/>\n<meta name=\"twitter:title\" content=\"Deutsche Dental Klinik Sofia\" \/>\n<meta name=\"twitter:image\" content=\"https:\/\/www.ddk.bg\/wp\/wp-content\/uploads\/2022\/05\/DDK-logo-share.png\" \/>\n<meta name=\"twitter:label1\" content=\"Gesch\u00e4tzte Lesezeit\" \/>\n\t<meta name=\"twitter:data1\" content=\"17\u00a0Minuten\" \/>\n<script type=\"application\/ld+json\" class=\"yoast-schema-graph\">{\"@context\":\"https:\\\/\\\/schema.org\",\"@graph\":[{\"@type\":\"WebPage\",\"@id\":\"https:\\\/\\\/www.ddk.bg\\\/de\\\/leistungen\\\/\",\"url\":\"https:\\\/\\\/www.ddk.bg\\\/de\\\/leistungen\\\/\",\"name\":\"\u041d\u0435\u043c\u0441\u043a\u0430 \u0414\u0435\u043d\u0442\u0430\u043b\u043d\u0430 \u041a\u043b\u0438\u043d\u0438\u043a\u0430\",\"isPartOf\":{\"@id\":\"https:\\\/\\\/www.ddk.bg\\\/#website\"},\"datePublished\":\"2023-09-26T06:50:10+00:00\",\"dateModified\":\"2023-11-03T15:04:36+00:00\",\"description\":\"\u041d\u0438\u0435 \u0441\u043c\u0435 \u0441\u0442\u043e\u043c\u0430\u0442\u043e\u043b\u043e\u0437\u0438, \u043f\u0440\u0438\u0434\u043e\u0431\u0438\u043b\u0438 \u043a\u0432\u0430\u043b\u0438\u0444\u0438\u043a\u0430\u0446\u0438\u044f\u0442\u0430 \u0441\u0438 \u0432 \u0440\u0435\u043d\u043e\u043c\u0438\u0440\u0430\u043d\u0438 \u0443\u043d\u0438\u0432\u0435\u0440\u0441\u0438\u0442\u0435\u0442\u0438 \u0432 \u0413\u0435\u0440\u043c\u0430\u043d\u0438\u044f. \u0417\u0430\u043f\u0430\u0437\u0435\u0442\u0435 \u0412\u0430\u0448\u0438\u044f \u0447\u0430\u0441 \u043d\u0430 \u0442\u0435\u043b\u0435\u0444\u043e\u043d: +359 899 077 916\",\"breadcrumb\":{\"@id\":\"https:\\\/\\\/www.ddk.bg\\\/de\\\/leistungen\\\/#breadcrumb\"},\"inLanguage\":\"de\",\"potentialAction\":[{\"@type\":\"ReadAction\",\"target\":[\"https:\\\/\\\/www.ddk.bg\\\/de\\\/leistungen\\\/\"]}]},{\"@type\":\"BreadcrumbList\",\"@id\":\"https:\\\/\\\/www.ddk.bg\\\/de\\\/leistungen\\\/#breadcrumb\",\"itemListElement\":[{\"@type\":\"ListItem\",\"position\":1,\"name\":\"Home\",\"item\":\"https:\\\/\\\/www.ddk.bg\\\/\"},{\"@type\":\"ListItem\",\"position\":2,\"name\":\"Leistungen\"}]},{\"@type\":\"WebSite\",\"@id\":\"https:\\\/\\\/www.ddk.bg\\\/#website\",\"url\":\"https:\\\/\\\/www.ddk.bg\\\/\",\"name\":\"Deutsche Dental Klinik Sofia\",\"description\":\"\",\"publisher\":{\"@id\":\"https:\\\/\\\/www.ddk.bg\\\/#organization\"},\"potentialAction\":[{\"@type\":\"SearchAction\",\"target\":{\"@type\":\"EntryPoint\",\"urlTemplate\":\"https:\\\/\\\/www.ddk.bg\\\/?s={search_term_string}\"},\"query-input\":{\"@type\":\"PropertyValueSpecification\",\"valueRequired\":true,\"valueName\":\"search_term_string\"}}],\"inLanguage\":\"de\"},{\"@type\":\"Organization\",\"@id\":\"https:\\\/\\\/www.ddk.bg\\\/#organization\",\"name\":\"\u041d\u0435\u043c\u0441\u043a\u0430 \u0434\u0435\u043d\u0442\u0430\u043b\u043d\u0430 \u043a\u043b\u0438\u043d\u0438\u043a\u0430\",\"url\":\"https:\\\/\\\/www.ddk.bg\\\/\",\"logo\":{\"@type\":\"ImageObject\",\"inLanguage\":\"de\",\"@id\":\"https:\\\/\\\/www.ddk.bg\\\/#\\\/schema\\\/logo\\\/image\\\/\",\"url\":\"https:\\\/\\\/www.ddk.bg\\\/wp\\\/wp-content\\\/uploads\\\/2022\\\/05\\\/DDK-logo-schema.webp\",\"contentUrl\":\"https:\\\/\\\/www.ddk.bg\\\/wp\\\/wp-content\\\/uploads\\\/2022\\\/05\\\/DDK-logo-schema.webp\",\"width\":500,\"height\":500,\"caption\":\"\u041d\u0435\u043c\u0441\u043a\u0430 \u0434\u0435\u043d\u0442\u0430\u043b\u043d\u0430 \u043a\u043b\u0438\u043d\u0438\u043a\u0430\"},\"image\":{\"@id\":\"https:\\\/\\\/www.ddk.bg\\\/#\\\/schema\\\/logo\\\/image\\\/\"}}]}<\/script>\n<!-- \/ Yoast SEO plugin. -->","yoast_head_json":{"title":"\u041d\u0435\u043c\u0441\u043a\u0430 \u0414\u0435\u043d\u0442\u0430\u043b\u043d\u0430 \u041a\u043b\u0438\u043d\u0438\u043a\u0430","description":"\u041d\u0438\u0435 \u0441\u043c\u0435 \u0441\u0442\u043e\u043c\u0430\u0442\u043e\u043b\u043e\u0437\u0438, \u043f\u0440\u0438\u0434\u043e\u0431\u0438\u043b\u0438 \u043a\u0432\u0430\u043b\u0438\u0444\u0438\u043a\u0430\u0446\u0438\u044f\u0442\u0430 \u0441\u0438 \u0432 \u0440\u0435\u043d\u043e\u043c\u0438\u0440\u0430\u043d\u0438 \u0443\u043d\u0438\u0432\u0435\u0440\u0441\u0438\u0442\u0435\u0442\u0438 \u0432 \u0413\u0435\u0440\u043c\u0430\u043d\u0438\u044f. \u0417\u0430\u043f\u0430\u0437\u0435\u0442\u0435 \u0412\u0430\u0448\u0438\u044f \u0447\u0430\u0441 \u043d\u0430 \u0442\u0435\u043b\u0435\u0444\u043e\u043d: +359 899 077 916","robots":{"index":"index","follow":"follow","max-snippet":"max-snippet:-1","max-image-preview":"max-image-preview:large","max-video-preview":"max-video-preview:-1"},"canonical":"https:\/\/www.ddk.bg\/de\/leistungen\/","og_locale":"de_DE","og_type":"article","og_title":"Deutsche Dental Klinik Sofia","og_description":"\u041d\u0438\u0435 \u0441\u043c\u0435 \u0441\u0442\u043e\u043c\u0430\u0442\u043e\u043b\u043e\u0437\u0438, \u043f\u0440\u0438\u0434\u043e\u0431\u0438\u043b\u0438 \u043a\u0432\u0430\u043b\u0438\u0444\u0438\u043a\u0430\u0446\u0438\u044f\u0442\u0430 \u0441\u0438 \u0432 \u0440\u0435\u043d\u043e\u043c\u0438\u0440\u0430\u043d\u0438 \u0443\u043d\u0438\u0432\u0435\u0440\u0441\u0438\u0442\u0435\u0442\u0438 \u0432 \u0413\u0435\u0440\u043c\u0430\u043d\u0438\u044f. \u0417\u0430\u043f\u0430\u0437\u0435\u0442\u0435 \u0412\u0430\u0448\u0438\u044f \u0447\u0430\u0441 \u043d\u0430 \u0442\u0435\u043b\u0435\u0444\u043e\u043d: +359 899 077 916","og_url":"https:\/\/www.ddk.bg\/de\/leistungen\/","og_site_name":"Deutsche Dental Klinik Sofia","article_modified_time":"2023-11-03T15:04:36+00:00","og_image":[{"width":500,"height":500,"url":"https:\/\/www.ddk.bg\/wp\/wp-content\/uploads\/2022\/05\/DDK-logo-share.png","type":"image\/png"}],"twitter_card":"summary_large_image","twitter_title":"Deutsche Dental Klinik Sofia","twitter_image":"https:\/\/www.ddk.bg\/wp\/wp-content\/uploads\/2022\/05\/DDK-logo-share.png","twitter_misc":{"Gesch\u00e4tzte Lesezeit":"17\u00a0Minuten"},"schema":{"@context":"https:\/\/schema.org","@graph":[{"@type":"WebPage","@id":"https:\/\/www.ddk.bg\/de\/leistungen\/","url":"https:\/\/www.ddk.bg\/de\/leistungen\/","name":"\u041d\u0435\u043c\u0441\u043a\u0430 \u0414\u0435\u043d\u0442\u0430\u043b\u043d\u0430 \u041a\u043b\u0438\u043d\u0438\u043a\u0430","isPartOf":{"@id":"https:\/\/www.ddk.bg\/#website"},"datePublished":"2023-09-26T06:50:10+00:00","dateModified":"2023-11-03T15:04:36+00:00","description":"\u041d\u0438\u0435 \u0441\u043c\u0435 \u0441\u0442\u043e\u043c\u0430\u0442\u043e\u043b\u043e\u0437\u0438, \u043f\u0440\u0438\u0434\u043e\u0431\u0438\u043b\u0438 \u043a\u0432\u0430\u043b\u0438\u0444\u0438\u043a\u0430\u0446\u0438\u044f\u0442\u0430 \u0441\u0438 \u0432 \u0440\u0435\u043d\u043e\u043c\u0438\u0440\u0430\u043d\u0438 \u0443\u043d\u0438\u0432\u0435\u0440\u0441\u0438\u0442\u0435\u0442\u0438 \u0432 \u0413\u0435\u0440\u043c\u0430\u043d\u0438\u044f. \u0417\u0430\u043f\u0430\u0437\u0435\u0442\u0435 \u0412\u0430\u0448\u0438\u044f \u0447\u0430\u0441 \u043d\u0430 \u0442\u0435\u043b\u0435\u0444\u043e\u043d: +359 899 077 916","breadcrumb":{"@id":"https:\/\/www.ddk.bg\/de\/leistungen\/#breadcrumb"},"inLanguage":"de","potentialAction":[{"@type":"ReadAction","target":["https:\/\/www.ddk.bg\/de\/leistungen\/"]}]},{"@type":"BreadcrumbList","@id":"https:\/\/www.ddk.bg\/de\/leistungen\/#breadcrumb","itemListElement":[{"@type":"ListItem","position":1,"name":"Home","item":"https:\/\/www.ddk.bg\/"},{"@type":"ListItem","position":2,"name":"Leistungen"}]},{"@type":"WebSite","@id":"https:\/\/www.ddk.bg\/#website","url":"https:\/\/www.ddk.bg\/","name":"Deutsche Dental Klinik Sofia","description":"","publisher":{"@id":"https:\/\/www.ddk.bg\/#organization"},"potentialAction":[{"@type":"SearchAction","target":{"@type":"EntryPoint","urlTemplate":"https:\/\/www.ddk.bg\/?s={search_term_string}"},"query-input":{"@type":"PropertyValueSpecification","valueRequired":true,"valueName":"search_term_string"}}],"inLanguage":"de"},{"@type":"Organization","@id":"https:\/\/www.ddk.bg\/#organization","name":"\u041d\u0435\u043c\u0441\u043a\u0430 \u0434\u0435\u043d\u0442\u0430\u043b\u043d\u0430 \u043a\u043b\u0438\u043d\u0438\u043a\u0430","url":"https:\/\/www.ddk.bg\/","logo":{"@type":"ImageObject","inLanguage":"de","@id":"https:\/\/www.ddk.bg\/#\/schema\/logo\/image\/","url":"https:\/\/www.ddk.bg\/wp\/wp-content\/uploads\/2022\/05\/DDK-logo-schema.webp","contentUrl":"https:\/\/www.ddk.bg\/wp\/wp-content\/uploads\/2022\/05\/DDK-logo-schema.webp","width":500,"height":500,"caption":"\u041d\u0435\u043c\u0441\u043a\u0430 \u0434\u0435\u043d\u0442\u0430\u043b\u043d\u0430 \u043a\u043b\u0438\u043d\u0438\u043a\u0430"},"image":{"@id":"https:\/\/www.ddk.bg\/#\/schema\/logo\/image\/"}}]}},"_links":{"self":[{"href":"https:\/\/www.ddk.bg\/de\/wp-json\/wp\/v2\/pages\/1364","targetHints":{"allow":["GET"]}}],"collection":[{"href":"https:\/\/www.ddk.bg\/de\/wp-json\/wp\/v2\/pages"}],"about":[{"href":"https:\/\/www.ddk.bg\/de\/wp-json\/wp\/v2\/types\/page"}],"author":[{"embeddable":true,"href":"https:\/\/www.ddk.bg\/de\/wp-json\/wp\/v2\/users\/1"}],"replies":[{"embeddable":true,"href":"https:\/\/www.ddk.bg\/de\/wp-json\/wp\/v2\/comments?post=1364"}],"version-history":[{"count":11,"href":"https:\/\/www.ddk.bg\/de\/wp-json\/wp\/v2\/pages\/1364\/revisions"}],"predecessor-version":[{"id":1775,"href":"https:\/\/www.ddk.bg\/de\/wp-json\/wp\/v2\/pages\/1364\/revisions\/1775"}],"wp:attachment":[{"href":"https:\/\/www.ddk.bg\/de\/wp-json\/wp\/v2\/media?parent=1364"}],"curies":[{"name":"wp","href":"https:\/\/api.w.org\/{rel}","templated":true}]}}